{"id":5540,"date":"2020-04-09T14:57:51","date_gmt":"2020-04-09T12:57:51","guid":{"rendered":"https:\/\/www.abrasienne.com\/categorie-2\/"},"modified":"2023-08-25T12:00:58","modified_gmt":"2023-08-25T10:00:58","slug":"categorie-2","status":"publish","type":"page","link":"https:\/\/www.abrasienne.com\/en\/categorie-2\/","title":{"rendered":"Abrasive cloths"},"content":{"rendered":"<div  class=\"tatsu-fx1xu1r6qacg231i tatsu-section  tatsu-bg-overlay   tatsu-clearfix\" data-title=\"\"  data-headerscheme=\"background--dark\"><div class='tatsu-section-pad clearfix' data-padding='{\"d\":\"41px 0px 1px 0px\",\"l\":\"150px 0px 150px 0px\",\"t\":\"150px 0px 150px 0px\",\"m\":\"120px 0px 120px 0px\"}' data-padding-top='120px'><div class=\"tatsu-row-wrap  tatsu-wrap tatsu-row-one-col tatsu-row-has-one-cols tatsu-medium-gutter tatsu-reg-cols  tatsu-clearfix tatsu-fx1xu1r6ww635eg0\" ><div  class=\"tatsu-row \" ><div  class=\"tatsu-column  tatsu-column-no-bg tatsu-one-col tatsu-column-image-none tatsu-column-effect-none  tatsu-fx1xu1r7549qw17v\"  data-parallax-speed=\"0\" style=\"\"><div class=\"tatsu-column-inner \" ><div class=\"tatsu-column-pad-wrap\"><div class=\"tatsu-column-pad\" ><div  class=\"tatsu-module tatsu-inline-text clearfix tatsu-fx1xu1r7aoens23z   \" ><style>.tatsu-fx1xu1r7aoens23z .tatsu-inline-text-inner{width: 90%;text-align: left;}.tatsu-fx1xu1r7aoens23z.tatsu-inline-text{margin: 0px 0px 10px 0px ;}@media only screen and (min-width:768px) and (max-width: 1024px) {.tatsu-fx1xu1r7aoens23z .tatsu-inline-text-inner{width: 60%;}}@media only screen and (max-width: 767px) {.tatsu-fx1xu1r7aoens23z .tatsu-inline-text-inner{width: 100%;}}<\/style><div class=\"tatsu-inline-text-inner \">\n<h1><span style=\"color: #ffffff;\">ABRASIVE CLOTH<\/span><!--EndFragment--><\/h1>\n<\/div><\/div><div  class=\"tatsu-module tatsu-inline-text clearfix tatsu-fx1xu1r8i07cshv1   \" ><style>.tatsu-fx1xu1r8i07cshv1 .tatsu-inline-text-inner{width: 100%;text-align: left;}<\/style><div class=\"tatsu-inline-text-inner tatsu-align-center\">\n<p><!--StartFragment--> <!--EndFragment--><\/p>\n<h3><span style=\"color: #ffffff;\">ABRASIENNE manfacture a variety of coated abrasives on clotht backing.<\/span><\/h3>\n<h6><span style=\"color: #ffffff;\">Les toiles abrasives, par leur r\u00e9sistance accrue \u00e0 la d\u00e9chirure, sont des incontournables dans de nombreux secteurs d&#8217;activit\u00e9. Abrasive cloths, due to their increased resistance to tearing, are essential in many sectors of activity.<\/span><\/h6>\n<\/div><\/div><div  class=\"tatsu-module tatsu-divider-wrap  tatsu-_p0BzHAi3   \"  ><style>.tatsu-_p0BzHAi3 .tatsu-divider{width: 100%;background: #efefef;}.tatsu-_p0BzHAi3.tatsu-divider-wrap{text-align: left;}.tatsu-_p0BzHAi3{padding: 0px 0px 50px 0px;}<\/style><hr class=\"tatsu-divider\"\/><\/div><\/div><\/div><div class = \"tatsu-column-bg-image-wrap\"><div class = \"tatsu-column-bg-image tatsu-bg-lazyload\" data-src = \"\"><\/div><\/div><\/div><style>.tatsu-row > .tatsu-fx1xu1r7549qw17v.tatsu-column{width: 100%;}.tatsu-fx1xu1r7549qw17v.tatsu-column > .tatsu-column-inner > .tatsu-column-overlay{mix-blend-mode: none;}.tatsu-fx1xu1r7549qw17v > .tatsu-column-inner > .tatsu-top-divider{z-index: 9999;}.tatsu-fx1xu1r7549qw17v > .tatsu-column-inner > .tatsu-bottom-divider{z-index: 9999;}.tatsu-fx1xu1r7549qw17v > .tatsu-column-inner > .tatsu-left-divider{z-index: 9999;}.tatsu-fx1xu1r7549qw17v > .tatsu-column-inner > .tatsu-right-divider{z-index: 9999;}@media only screen and (max-width:1377px) {.tatsu-row > .tatsu-fx1xu1r7549qw17v.tatsu-column{width: 100%;}}@media only screen and (min-width:768px) and (max-width: 1024px) {.tatsu-row > .tatsu-fx1xu1r7549qw17v.tatsu-column{width: 100%;}}@media only screen and (max-width: 767px) {.tatsu-row > .tatsu-fx1xu1r7549qw17v.tatsu-column{width: 100%;}}<\/style><\/div><\/div><\/div><\/div><div class=\"tatsu-section-background-wrap\"><div class = \"tatsu-bg-blur\" style = \"background-image : url(data:image\/jpeg;base64,\/9j\/4AAQSkZJRgABAQEAYABgAAD\/\/gA7Q1JFQVRPUjogZ2QtanBlZyB2MS4wICh1c2luZyBJSkcgSlBFRyB2NjIpLCBxdWFsaXR5ID0gODIK\/9sAQwAGBAQFBAQGBQUFBgYGBwkOCQkICAkSDQ0KDhUSFhYVEhQUFxohHBcYHxkUFB0nHR8iIyUlJRYcKSwoJCshJCUk\/9sAQwEGBgYJCAkRCQkRJBgUGCQkJCQkJCQkJCQkJCQkJCQkJCQkJCQkJCQkJCQkJCQkJCQkJCQkJCQkJCQkJCQkJCQk\/8AAEQgAFAAyAwEiAAIRAQMRAf\/EAB8AAAEFAQEBAQEBAAAAAAAAAAABAgMEBQYHCAkKC\/\/EALUQAAIBAwMCBAMFBQQEAAABfQECAwAEEQUSITFBBhNRYQcicRQygZGhCCNCscEVUtHwJDNicoIJChYXGBkaJSYnKCkqNDU2Nzg5OkNERUZHSElKU1RVVldYWVpjZGVmZ2hpanN0dXZ3eHl6g4SFhoeIiYqSk5SVlpeYmZqio6Slpqeoqaqys7S1tre4ubrCw8TFxsfIycrS09TV1tfY2drh4uPk5ebn6Onq8fLz9PX29\/j5+v\/EAB8BAAMBAQEBAQEBAQEAAAAAAAABAgMEBQYHCAkKC\/\/EALURAAIBAgQEAwQHBQQEAAECdwABAgMRBAUhMQYSQVEHYXETIjKBCBRCkaGxwQkjM1LwFWJy0QoWJDThJfEXGBkaJicoKSo1Njc4OTpDREVGR0hJSlNUVVZXWFlaY2RlZmdoaWpzdHV2d3h5eoKDhIWGh4iJipKTlJWWl5iZmqKjpKWmp6ipqrKztLW2t7i5usLDxMXGx8jJytLT1NXW19jZ2uLj5OXm5+jp6vLz9PX29\/j5+v\/aAAwDAQACEQMRAD8A22YYqB2rTGiySMyCbBXqWQgUx\/D0oVme5jULz0J4rzP7OxH8v5H0v9qYb+f8\/wDIyHeq8zZZfof6Vs\/8I+ZGdY7xHdMZXbioZdCMco+0XIjUZ2tjO7jJ+nAqll2If2fxQnmuFX2\/wf8AkY0ozG\/0P8qz5RXVr4finhEkN0ZFY4ztxx0P5VIvgEMSJLx1AAwQgOf1oeV4j+X8UEc5wv8AN+D\/AMjisn0ors\/+EDgPTUHx\/uj\/ABoo\/svEdvxQ\/wC2ML\/N+DNm3unuZ5o3AAjYAbcg1OsflAgMzZOfmOaKK+qPjBHLNG3zFTjqOoqnufz5NzswzwD2oooW4PYJMlCAzLyOV+oq9DdTPdPG8hZQmQMDrmiinU3QodRwRFGAiADjpRRRUlH\/2Q==);\"\"><\/div><div class = \"tatsu-section-background tatsu-bg-lazyload\" data-src = \"https:\/\/www.abrasienne.com\/wp-content\/uploads\/2022\/12\/Toile-abrasive.jpg\"><\/div><\/div><div class=\"tatsu-overlay tatsu-section-overlay\"><\/div><style>.tatsu-fx1xu1r6qacg231i.tatsu-section{background-color: rgba(68,68,68,1);}.tatsu-fx1xu1r6qacg231i .tatsu-section-background{background-image: url(https:\/\/www.abrasienne.com\/wp-content\/uploads\/2022\/12\/Toile-abrasive.jpg);background-repeat: no-repeat;background-attachment: scroll;background-position: center center;background-size: cover;}.tatsu-fx1xu1r6qacg231i .tatsu-bg-blur{background-repeat: no-repeat;background-attachment: scroll;background-position: center center;background-size: cover;}.tatsu-fx1xu1r6qacg231i .tatsu-section-pad{padding: 41px 0px 1px 0px;}.tatsu-fx1xu1r6qacg231i > .tatsu-bottom-divider{z-index: 9999;}.tatsu-fx1xu1r6qacg231i > .tatsu-top-divider{z-index: 9999;}.tatsu-fx1xu1r6qacg231i .tatsu-section-overlay{background: rgba(0,0,0,0.25);mix-blend-mode: normal;}@media only screen and (max-width:1377px) {.tatsu-fx1xu1r6qacg231i .tatsu-section-pad{padding: 150px 0px 150px 0px;}}@media only screen and (min-width:768px) and (max-width: 1024px) {.tatsu-fx1xu1r6qacg231i .tatsu-section-pad{padding: 150px 0px 150px 0px;}}@media only screen and (max-width: 767px) {.tatsu-fx1xu1r6qacg231i .tatsu-section-pad{padding: 120px 0px 120px 0px;}}<\/style><\/div><div  class=\"tatsu-ousiYRRgmQ tatsu-section    tatsu-clearfix\" data-title=\"\"  data-headerscheme=\"background--dark\"><div class='tatsu-section-pad clearfix' data-padding='{\"d\":\"30px 0px 30px 0px\"}' data-padding-top='30px'><div class=\"tatsu-row-wrap  tatsu-wrap tatsu-row-has-four-cols tatsu-small-gutter tatsu-eq-cols  tatsu-clearfix tatsu-YLFIKkjomz\" ><div  class=\"tatsu-row \" ><div  class=\"tatsu-column  tatsu-column-no-bg tatsu-one-fourth tatsu-column-image-none tatsu-column-effect-none  tatsu-QXHcX1UT8\"  data-parallax-speed=\"0\" style=\"\"><div class=\"tatsu-column-inner \" ><div class=\"tatsu-column-pad-wrap\"><div class=\"tatsu-column-pad\" ><div  class=\"tatsu-single-image tatsu-module tatsu-image-lazyload tatsu-8y3SlF0P0  \" ><div class=\"tatsu-single-image-inner \" style=\"background : rgba(245,246,250,1);width : 300px;\" ><div class = \"tatsu-single-image-padding-wrap\" style = \"padding-bottom : 130%;\" ><\/div><img class = \"tatsu-gradient-border\" alt = \"Toile abrasive KS\" data-srcset = \"https:\/\/www.abrasienne.com\/wp-content\/uploads\/2022\/12\/Toile-abrasive-KS.jpg 300w, https:\/\/www.abrasienne.com\/wp-content\/uploads\/2022\/12\/Toile-abrasive-KS-231x300.jpg 231w, https:\/\/www.abrasienne.com\/wp-content\/uploads\/2022\/12\/Toile-abrasive-KS-38x50.jpg 38w, https:\/\/www.abrasienne.com\/wp-content\/uploads\/2022\/12\/Toile-abrasive-KS-50x65.jpg 50w\" sizes = \"(max-width: 300px) 100vw, 300px\" \/><\/div><style>.tatsu-8y3SlF0P0 .tatsu-single-image-inner{max-width: 100%;background-color: rgba(245,246,250,1);}.tatsu-8y3SlF0P0.tatsu-single-image{transform: translate3d(0px,0px, 0);}<\/style><\/div><\/div><\/div><div class = \"tatsu-column-bg-image-wrap\"><div class = \"tatsu-column-bg-image tatsu-bg-lazyload\" data-src = \"\"><\/div><\/div><\/div><style>.tatsu-row > .tatsu-QXHcX1UT8.tatsu-column{width: 25%;}.tatsu-QXHcX1UT8.tatsu-column > .tatsu-column-inner > .tatsu-column-overlay{mix-blend-mode: none;}.tatsu-QXHcX1UT8 > .tatsu-column-inner > .tatsu-top-divider{z-index: 9999;}.tatsu-QXHcX1UT8 > .tatsu-column-inner > .tatsu-bottom-divider{z-index: 9999;}.tatsu-QXHcX1UT8 > .tatsu-column-inner > .tatsu-left-divider{z-index: 9999;}.tatsu-QXHcX1UT8 > .tatsu-column-inner > .tatsu-right-divider{z-index: 9999;}@media only screen and (max-width:1377px) {.tatsu-row > .tatsu-QXHcX1UT8.tatsu-column{width: 25%;}}@media only screen and (min-width:768px) and (max-width: 1024px) {.tatsu-row > .tatsu-QXHcX1UT8.tatsu-column{width: 25%;}}@media only screen and (max-width: 767px) {.tatsu-row > .tatsu-QXHcX1UT8.tatsu-column{width: 100%;}.tatsu-QXHcX1UT8.tatsu-column{margin: 0px 0px 20px 0px !important;}}<\/style><\/div><div  class=\"tatsu-column  tatsu-column-no-bg tatsu-one-fourth tatsu-column-align-middle tatsu-column-image-none tatsu-column-effect-none  tatsu-Do4DVXtdqS\"  data-parallax-speed=\"0\" style=\"\"><div class=\"tatsu-column-inner \" ><div class=\"tatsu-column-pad-wrap\"><div class=\"tatsu-column-pad\" ><div  class=\"tatsu-module tatsu-text-block-wrap tatsu-RzlJo7Hpy  \"><div class=\"tatsu-text-inner tatsu-align-center  clearfix\" ><style>.tatsu-RzlJo7Hpy.tatsu-text-block-wrap .tatsu-text-inner{width: 100%;text-align: left;}<\/style>\n<h3>Abrasive cloth KS<\/h3>\n<div id=\"ui-id-2\" role=\"tabpanel\" aria-labelledby=\"ui-id-1\" aria-hidden=\"false\">\n<p>This product can be use for wet or dry sanding.<\/p>\n<\/div>\n<\/div><\/div><div  class=\"tatsu-animated-link tatsu-animated-link-style2  tatsu-qEaUhRI4b tatsu-module tatsu-animated-link-align-none  \"><a class = \"tatsu-animated-link-inner \" href = \"https:\/\/www.abrasienne.com\/wp-content\/uploads\/2023\/08\/KS_ABRASIENNE_fiche-produit_2023_ENG.pdf\"   aria-label = \"Download the technical sheet\"><span class = \"tatsu-animated-link-text\"  >Download the technical sheet<\/span><\/a><style>.tatsu-qEaUhRI4b .tatsu-animated-link-inner{color: rgba(0,161,154,1) ;}.tatsu-qEaUhRI4b .tatsu-animated-link-inner::after{color: rgba(29,29,27,1) ;color: rgba(29,29,27,1) ;}.tatsu-qEaUhRI4b .tatsu-animated-link-inner:hover .tatsu-animated-link-text{color: rgba(29,29,27,1) ;}.tatsu-qEaUhRI4b .tatsu-animated-link-inner::before{color: rgba(0,161,154,1) ;}.tatsu-qEaUhRI4b.tatsu-module{margin: 0px 0px 40px 0px;}<\/style><\/div><\/div><\/div><div class = \"tatsu-column-bg-image-wrap\"><div class = \"tatsu-column-bg-image tatsu-bg-lazyload\" data-src = \"\"><\/div><\/div><\/div><style>.tatsu-row > .tatsu-Do4DVXtdqS.tatsu-column{width: 25%;}.tatsu-Do4DVXtdqS.tatsu-column > .tatsu-column-inner > .tatsu-column-overlay{mix-blend-mode: none;}.tatsu-Do4DVXtdqS > .tatsu-column-inner > .tatsu-top-divider{z-index: 9999;}.tatsu-Do4DVXtdqS > .tatsu-column-inner > .tatsu-bottom-divider{z-index: 9999;}.tatsu-Do4DVXtdqS > .tatsu-column-inner > .tatsu-left-divider{z-index: 9999;}.tatsu-Do4DVXtdqS > .tatsu-column-inner > .tatsu-right-divider{z-index: 9999;}@media only screen and (max-width:1377px) {.tatsu-row > .tatsu-Do4DVXtdqS.tatsu-column{width: 25%;}}@media only screen and (min-width:768px) and (max-width: 1024px) {.tatsu-row > .tatsu-Do4DVXtdqS.tatsu-column{width: 25%;}}@media only screen and (max-width: 767px) {.tatsu-row > .tatsu-Do4DVXtdqS.tatsu-column{width: 100%;}}<\/style><\/div><div  class=\"tatsu-column  tatsu-bg-overlay tatsu-one-fourth tatsu-column-image-none tatsu-column-effect-none  tatsu-lSdVCBvgcM\"  data-parallax-speed=\"0\" style=\"\"><div class=\"tatsu-column-inner \" ><div class=\"tatsu-column-pad-wrap\"><div class=\"tatsu-column-pad\" ><div  class=\"tatsu-single-image tatsu-module tatsu-image-lazyload tatsu-AgoWmakVg  \" ><div class=\"tatsu-single-image-inner \" style=\"background : rgba(245,246,250,1);width : 300px;\" ><div class = \"tatsu-single-image-padding-wrap\" style = \"padding-bottom : 130%;\" ><\/div><img class = \"tatsu-gradient-border\" alt = \"Toile abrasive TB\" data-srcset = \"https:\/\/www.abrasienne.com\/wp-content\/uploads\/2022\/12\/Toile-abrasive-TB.jpg 300w, https:\/\/www.abrasienne.com\/wp-content\/uploads\/2022\/12\/Toile-abrasive-TB-231x300.jpg 231w, https:\/\/www.abrasienne.com\/wp-content\/uploads\/2022\/12\/Toile-abrasive-TB-38x50.jpg 38w, https:\/\/www.abrasienne.com\/wp-content\/uploads\/2022\/12\/Toile-abrasive-TB-50x65.jpg 50w\" sizes = \"(max-width: 300px) 100vw, 300px\" \/><\/div><style>.tatsu-AgoWmakVg .tatsu-single-image-inner{max-width: 100%;background-color: rgba(245,246,250,1);}.tatsu-AgoWmakVg.tatsu-single-image{transform: translate3d(0px,0px, 0);}<\/style><\/div><\/div><\/div><div class = \"tatsu-column-bg-image-wrap\"><div class = \"tatsu-column-bg-image tatsu-bg-lazyload\" data-src = \"\"><\/div><\/div><div class=\"tatsu-overlay tatsu-column-overlay tatsu-animate-none\" ><\/div><\/div><style>.tatsu-row > .tatsu-lSdVCBvgcM.tatsu-column{width: 25%;}.tatsu-lSdVCBvgcM.tatsu-column > .tatsu-column-inner > .tatsu-column-overlay{mix-blend-mode: normal;}.tatsu-lSdVCBvgcM > .tatsu-column-inner > .tatsu-top-divider{z-index: 9999;}.tatsu-lSdVCBvgcM > .tatsu-column-inner > .tatsu-bottom-divider{z-index: 9999;}.tatsu-lSdVCBvgcM > .tatsu-column-inner > .tatsu-left-divider{z-index: 9999;}.tatsu-lSdVCBvgcM > .tatsu-column-inner > .tatsu-right-divider{z-index: 9999;}@media only screen and (max-width:1377px) {.tatsu-row > .tatsu-lSdVCBvgcM.tatsu-column{width: 25%;}}@media only screen and (min-width:768px) and (max-width: 1024px) {.tatsu-row > .tatsu-lSdVCBvgcM.tatsu-column{width: 25%;}}@media only screen and (max-width: 767px) {.tatsu-row > .tatsu-lSdVCBvgcM.tatsu-column{width: 100%;}}<\/style><\/div><div  class=\"tatsu-column  tatsu-bg-overlay tatsu-one-fourth tatsu-column-align-middle tatsu-column-image-none tatsu-column-effect-none  tatsu-HsOjXzrIgL\"  data-parallax-speed=\"0\" style=\"\"><div class=\"tatsu-column-inner \" ><div class=\"tatsu-column-pad-wrap\"><div class=\"tatsu-column-pad\" ><div  class=\"tatsu-module tatsu-text-block-wrap tatsu-DFOoySn-F  \"><div class=\"tatsu-text-inner tatsu-align-center  clearfix\" ><style>.tatsu-DFOoySn-F.tatsu-text-block-wrap .tatsu-text-inner{width: 100%;text-align: left;}<\/style>\n<h3>Abrasive cloth TB<\/h3>\n<div id=\"ui-id-2\" role=\"tabpanel\" aria-labelledby=\"ui-id-1\" aria-hidden=\"false\">\n<p>Essential abrasive cloth for maintenance work.<\/p>\n<\/div>\n<\/div><\/div><div  class=\"tatsu-animated-link tatsu-animated-link-style2  tatsu-hyjeb35ME tatsu-module tatsu-animated-link-align-none  \"><a class = \"tatsu-animated-link-inner \" href = \"https:\/\/www.abrasienne.com\/wp-content\/uploads\/2023\/08\/TB_ABRASIENNE_fiche-produit_2020_ENG.pdf\"   aria-label = \"Download the technical sheet\"><span class = \"tatsu-animated-link-text\"  >Download the technical sheet<\/span><\/a><style>.tatsu-hyjeb35ME .tatsu-animated-link-inner{color: rgba(0,161,154,1) ;}.tatsu-hyjeb35ME .tatsu-animated-link-inner::after{color: rgba(29,29,27,1) ;color: rgba(29,29,27,1) ;}.tatsu-hyjeb35ME .tatsu-animated-link-inner:hover .tatsu-animated-link-text{color: rgba(29,29,27,1) ;}.tatsu-hyjeb35ME .tatsu-animated-link-inner::before{color: rgba(0,161,154,1) ;}.tatsu-hyjeb35ME.tatsu-module{margin: 0px 0px 40px 0px;}<\/style><\/div><\/div><\/div><div class = \"tatsu-column-bg-image-wrap\"><div class = \"tatsu-column-bg-image tatsu-bg-lazyload\" data-src = \"\"><\/div><\/div><div class=\"tatsu-overlay tatsu-column-overlay tatsu-animate-none\" ><\/div><\/div><style>.tatsu-row > .tatsu-HsOjXzrIgL.tatsu-column{width: 25%;}.tatsu-HsOjXzrIgL.tatsu-column > .tatsu-column-inner > .tatsu-column-overlay{mix-blend-mode: normal;}.tatsu-HsOjXzrIgL > .tatsu-column-inner > .tatsu-top-divider{z-index: 9999;}.tatsu-HsOjXzrIgL > .tatsu-column-inner > .tatsu-bottom-divider{z-index: 9999;}.tatsu-HsOjXzrIgL > .tatsu-column-inner > .tatsu-left-divider{z-index: 9999;}.tatsu-HsOjXzrIgL > .tatsu-column-inner > .tatsu-right-divider{z-index: 9999;}@media only screen and (max-width:1377px) {.tatsu-row > .tatsu-HsOjXzrIgL.tatsu-column{width: 25%;}}@media only screen and (min-width:768px) and (max-width: 1024px) {.tatsu-row > .tatsu-HsOjXzrIgL.tatsu-column{width: 25%;}}@media only screen and (max-width: 767px) {.tatsu-row > .tatsu-HsOjXzrIgL.tatsu-column{width: 100%;}}<\/style><\/div><\/div><\/div><\/div><div class=\"tatsu-section-background-wrap\"><div class = \"tatsu-section-background tatsu-bg-lazyload\" data-src = \"\"><\/div><\/div><style>.tatsu-ousiYRRgmQ .tatsu-section-pad{padding: 30px 0px 30px 0px;}.tatsu-ousiYRRgmQ > .tatsu-bottom-divider{z-index: 9999;}.tatsu-ousiYRRgmQ > .tatsu-top-divider{z-index: 9999;}<\/style><\/div>\n","protected":false},"excerpt":{"rendered":"<div><a href=\"https:\/\/www.abrasienne.com\/en\/categorie-2\/\" class=\"exp-read-more exp-read-more-underlined\">Read More<\/a><\/div>\n","protected":false},"author":1,"featured_media":0,"parent":0,"menu_order":0,"comment_status":"closed","ping_status":"closed","template":"","meta":{"footnotes":""},"yoast_head":"<!-- This site is optimized with the Yoast SEO plugin v20.1 - https:\/\/yoast.com\/wordpress\/plugins\/seo\/ -->\n<title>Abrasive cloths - Abrasienne<\/title>\n<meta name=\"robots\" content=\"index, follow, max-snippet:-1, max-image-preview:large, max-video-preview:-1\" \/>\n<link rel=\"canonical\" href=\"https:\/\/www.abrasienne.com\/en\/categorie-2\/\" \/>\n<meta property=\"og:locale\" content=\"en_US\" \/>\n<meta property=\"og:type\" content=\"article\" \/>\n<meta property=\"og:title\" content=\"Abrasive cloths - Abrasienne\" \/>\n<meta property=\"og:description\" content=\"Read More\" \/>\n<meta property=\"og:url\" content=\"https:\/\/www.abrasienne.com\/en\/categorie-2\/\" \/>\n<meta property=\"og:site_name\" content=\"Abrasienne\" \/>\n<meta property=\"article:modified_time\" content=\"2023-08-25T10:00:58+00:00\" \/>\n<meta name=\"twitter:card\" content=\"summary_large_image\" \/>\n<meta name=\"twitter:label1\" content=\"Est. reading time\" \/>\n\t<meta name=\"twitter:data1\" content=\"14 minutes\" \/>\n<script type=\"application\/ld+json\" class=\"yoast-schema-graph\">{\"@context\":\"https:\/\/schema.org\",\"@graph\":[{\"@type\":\"WebPage\",\"@id\":\"https:\/\/www.abrasienne.com\/en\/categorie-2\/\",\"url\":\"https:\/\/www.abrasienne.com\/en\/categorie-2\/\",\"name\":\"Abrasive cloths - Abrasienne\",\"isPartOf\":{\"@id\":\"https:\/\/www.abrasienne.com\/en\/#website\"},\"datePublished\":\"2020-04-09T12:57:51+00:00\",\"dateModified\":\"2023-08-25T10:00:58+00:00\",\"breadcrumb\":{\"@id\":\"https:\/\/www.abrasienne.com\/en\/categorie-2\/#breadcrumb\"},\"inLanguage\":\"en-US\",\"potentialAction\":[{\"@type\":\"ReadAction\",\"target\":[\"https:\/\/www.abrasienne.com\/en\/categorie-2\/\"]}]},{\"@type\":\"BreadcrumbList\",\"@id\":\"https:\/\/www.abrasienne.com\/en\/categorie-2\/#breadcrumb\",\"itemListElement\":[{\"@type\":\"ListItem\",\"position\":1,\"name\":\"Accueil\",\"item\":\"https:\/\/www.abrasienne.com\/en\/\"},{\"@type\":\"ListItem\",\"position\":2,\"name\":\"Abrasive cloths\"}]},{\"@type\":\"WebSite\",\"@id\":\"https:\/\/www.abrasienne.com\/en\/#website\",\"url\":\"https:\/\/www.abrasienne.com\/en\/\",\"name\":\"Abrasienne\",\"description\":\"Abrasifs appliqu\u00e9s\",\"publisher\":{\"@id\":\"https:\/\/www.abrasienne.com\/en\/#organization\"},\"potentialAction\":[{\"@type\":\"SearchAction\",\"target\":{\"@type\":\"EntryPoint\",\"urlTemplate\":\"https:\/\/www.abrasienne.com\/en\/?s={search_term_string}\"},\"query-input\":\"required name=search_term_string\"}],\"inLanguage\":\"en-US\"},{\"@type\":\"Organization\",\"@id\":\"https:\/\/www.abrasienne.com\/en\/#organization\",\"name\":\"Abrasienne\",\"url\":\"https:\/\/www.abrasienne.com\/en\/\",\"logo\":{\"@type\":\"ImageObject\",\"inLanguage\":\"en-US\",\"@id\":\"https:\/\/www.abrasienne.com\/en\/#\/schema\/logo\/image\/\",\"url\":\"https:\/\/www.abrasienne.com\/wp-content\/uploads\/2022\/12\/cropped-favicon.png\",\"contentUrl\":\"https:\/\/www.abrasienne.com\/wp-content\/uploads\/2022\/12\/cropped-favicon.png\",\"width\":512,\"height\":512,\"caption\":\"Abrasienne\"},\"image\":{\"@id\":\"https:\/\/www.abrasienne.com\/en\/#\/schema\/logo\/image\/\"}}]}<\/script>\n<!-- \/ Yoast SEO plugin. -->","yoast_head_json":{"title":"Abrasive cloths - Abrasienne","robots":{"index":"index","follow":"follow","max-snippet":"max-snippet:-1","max-image-preview":"max-image-preview:large","max-video-preview":"max-video-preview:-1"},"canonical":"https:\/\/www.abrasienne.com\/en\/categorie-2\/","og_locale":"en_US","og_type":"article","og_title":"Abrasive cloths - Abrasienne","og_description":"Read More","og_url":"https:\/\/www.abrasienne.com\/en\/categorie-2\/","og_site_name":"Abrasienne","article_modified_time":"2023-08-25T10:00:58+00:00","twitter_card":"summary_large_image","twitter_misc":{"Est. reading time":"14 minutes"},"schema":{"@context":"https:\/\/schema.org","@graph":[{"@type":"WebPage","@id":"https:\/\/www.abrasienne.com\/en\/categorie-2\/","url":"https:\/\/www.abrasienne.com\/en\/categorie-2\/","name":"Abrasive cloths - Abrasienne","isPartOf":{"@id":"https:\/\/www.abrasienne.com\/en\/#website"},"datePublished":"2020-04-09T12:57:51+00:00","dateModified":"2023-08-25T10:00:58+00:00","breadcrumb":{"@id":"https:\/\/www.abrasienne.com\/en\/categorie-2\/#breadcrumb"},"inLanguage":"en-US","potentialAction":[{"@type":"ReadAction","target":["https:\/\/www.abrasienne.com\/en\/categorie-2\/"]}]},{"@type":"BreadcrumbList","@id":"https:\/\/www.abrasienne.com\/en\/categorie-2\/#breadcrumb","itemListElement":[{"@type":"ListItem","position":1,"name":"Accueil","item":"https:\/\/www.abrasienne.com\/en\/"},{"@type":"ListItem","position":2,"name":"Abrasive cloths"}]},{"@type":"WebSite","@id":"https:\/\/www.abrasienne.com\/en\/#website","url":"https:\/\/www.abrasienne.com\/en\/","name":"Abrasienne","description":"Abrasifs appliqu\u00e9s","publisher":{"@id":"https:\/\/www.abrasienne.com\/en\/#organization"},"potentialAction":[{"@type":"SearchAction","target":{"@type":"EntryPoint","urlTemplate":"https:\/\/www.abrasienne.com\/en\/?s={search_term_string}"},"query-input":"required name=search_term_string"}],"inLanguage":"en-US"},{"@type":"Organization","@id":"https:\/\/www.abrasienne.com\/en\/#organization","name":"Abrasienne","url":"https:\/\/www.abrasienne.com\/en\/","logo":{"@type":"ImageObject","inLanguage":"en-US","@id":"https:\/\/www.abrasienne.com\/en\/#\/schema\/logo\/image\/","url":"https:\/\/www.abrasienne.com\/wp-content\/uploads\/2022\/12\/cropped-favicon.png","contentUrl":"https:\/\/www.abrasienne.com\/wp-content\/uploads\/2022\/12\/cropped-favicon.png","width":512,"height":512,"caption":"Abrasienne"},"image":{"@id":"https:\/\/www.abrasienne.com\/en\/#\/schema\/logo\/image\/"}}]}},"_links":{"self":[{"href":"https:\/\/www.abrasienne.com\/en\/wp-json\/wp\/v2\/pages\/5540"}],"collection":[{"href":"https:\/\/www.abrasienne.com\/en\/wp-json\/wp\/v2\/pages"}],"about":[{"href":"https:\/\/www.abrasienne.com\/en\/wp-json\/wp\/v2\/types\/page"}],"author":[{"embeddable":true,"href":"https:\/\/www.abrasienne.com\/en\/wp-json\/wp\/v2\/users\/1"}],"replies":[{"embeddable":true,"href":"https:\/\/www.abrasienne.com\/en\/wp-json\/wp\/v2\/comments?post=5540"}],"version-history":[{"count":4,"href":"https:\/\/www.abrasienne.com\/en\/wp-json\/wp\/v2\/pages\/5540\/revisions"}],"predecessor-version":[{"id":5611,"href":"https:\/\/www.abrasienne.com\/en\/wp-json\/wp\/v2\/pages\/5540\/revisions\/5611"}],"wp:attachment":[{"href":"https:\/\/www.abrasienne.com\/en\/wp-json\/wp\/v2\/media?parent=5540"}],"curies":[{"name":"wp","href":"https:\/\/api.w.org\/{rel}","templated":true}]}}